{"id":1425,"date":"2022-05-06T15:46:39","date_gmt":"2022-05-06T15:46:39","guid":{"rendered":"https:\/\/agrobex-logistyka.pl\/?page_id=1425"},"modified":"2022-06-28T12:31:44","modified_gmt":"2022-06-28T12:31:44","slug":"magazyn-celny","status":"publish","type":"page","link":"https:\/\/agrobex-logistyka.pl\/?page_id=1425","title":{"rendered":"MAGAZYN CELNY"},"content":{"rendered":"<p>[vc_row][vc_column][vc_column_text]<\/p>\n<p style=\"font-weight: 400;\"><span style=\"color: #000000; font-family: verdana, geneva, sans-serif; font-size: 14pt;\">MAGAZYN CELNY AGROBEX LOGISTYKA :<\/span><\/p>\n<ul>\n<li><span style=\"color: #000000; font-family: verdana, geneva, sans-serif;\">obs\u0142uga magazynowa,<\/span><\/li>\n<li><span style=\"color: #000000; font-family: verdana, geneva, sans-serif;\">tranzyt przesy\u0142ek do pa\u0144stw UE bez konieczno\u015bci wprowadzania towar\u00f3w na polski obszar celny,<\/span><\/li>\n<li><span style=\"color: #000000; font-family: verdana, geneva, sans-serif;\">scalenie towar\u00f3w w celu ich wywozu z kraju,<\/span><\/li>\n<li><span style=\"color: #000000; font-family: verdana, geneva, sans-serif;\">etykietowanie, przepakowywanie towar\u00f3w, nak\u0142adanie znak\u00f3w akcyzy,<\/span><\/li>\n<li><span style=\"color: #000000; font-family: verdana, geneva, sans-serif;\">zabezpieczenie nale\u017cno\u015bci celno-podatkowych w procedurze tranzytu i i dopuszczenia do obrotu w oparciu o porozumienie z agencja celn\u0105 obs\u0142uguj\u0105ca sk\u0142ad celny,<\/span><\/li>\n<li><span style=\"color: #000000; font-family: verdana, geneva, sans-serif;\">doradztwo w zakresie procedur celnych i handlowych.<\/span><\/li>\n<\/ul>\n<p><span style=\"font-family: verdana, geneva, sans-serif;\"><span style=\"color: #000000;\">Magazyn celny to magazyn czasowego sk\u0142adowania. <\/span><span style=\"color: #000000;\">Ich funkcja jest podobna do sk\u0142ad\u00f3w celnych, ale z jedn\u0105 istotn\u0105 r\u00f3\u017cnic\u0105 &#8211; s\u0105 to magazyny czasowego sk\u0142adowania, czyli z\u0142o\u017cone na nich towary s\u0105 z ograniczeniem czasowym.\u00a0<\/span><\/span>[\/vc_column_text][\/vc_column][\/vc_row]<\/p>\n","protected":false},"excerpt":{"rendered":"<p>[vc_row][vc_column][vc_column_text] MAGAZYN CELNY AGROBEX LOGISTYKA : obs\u0142uga magazynowa, tranzyt przesy\u0142ek do pa\u0144stw UE bez konieczno\u015bci wprowadzania towar\u00f3w na polski obszar celny, scalenie towar\u00f3w w celu ich wywozu z kraju, etykietowanie, przepakowywanie towar\u00f3w, nak\u0142adanie&#8230;<\/p>\n","protected":false},"author":1,"featured_media":0,"parent":0,"menu_order":0,"comment_status":"closed","ping_status":"closed","template":"","meta":{"footnotes":""},"class_list":["post-1425","page","type-page","status-publish","hentry"],"_links":{"self":[{"href":"https:\/\/agrobex-logistyka.pl\/index.php?rest_route=\/wp\/v2\/pages\/1425","targetHints":{"allow":["GET"]}}],"collection":[{"href":"https:\/\/agrobex-logistyka.pl\/index.php?rest_route=\/wp\/v2\/pages"}],"about":[{"href":"https:\/\/agrobex-logistyka.pl\/index.php?rest_route=\/wp\/v2\/types\/page"}],"author":[{"embeddable":true,"href":"https:\/\/agrobex-logistyka.pl\/index.php?rest_route=\/wp\/v2\/users\/1"}],"replies":[{"embeddable":true,"href":"https:\/\/agrobex-logistyka.pl\/index.php?rest_route=%2Fwp%2Fv2%2Fcomments&post=1425"}],"version-history":[{"count":14,"href":"https:\/\/agrobex-logistyka.pl\/index.php?rest_route=\/wp\/v2\/pages\/1425\/revisions"}],"predecessor-version":[{"id":1596,"href":"https:\/\/agrobex-logistyka.pl\/index.php?rest_route=\/wp\/v2\/pages\/1425\/revisions\/1596"}],"wp:attachment":[{"href":"https:\/\/agrobex-logistyka.pl\/index.php?rest_route=%2Fwp%2Fv2%2Fmedia&parent=1425"}],"curies":[{"name":"wp","href":"https:\/\/api.w.org\/{rel}","templated":true}]}}